{"id":529,"date":"2015-04-20T11:50:56","date_gmt":"2015-04-20T11:50:56","guid":{"rendered":"http:\/\/welfare.cmsmasters.net\/?page_id=529"},"modified":"2019-10-28T14:37:43","modified_gmt":"2019-10-28T11:37:43","slug":"about-us","status":"publish","type":"page","link":"http:\/\/www.zamaninmeyhanesi.com\/index.php\/about-us\/","title":{"rendered":"\u015eehla?"},"content":{"rendered":"<div id=\"cmsmasters_row_s2gk9v9o9j\" class=\"cmsmasters_row cmsmasters_color_scheme_default cmsmasters_row_top_default cmsmasters_row_bot_default cmsmasters_row_boxed\">\n<div class=\"cmsmasters_row_outer_parent\">\n<div class=\"cmsmasters_row_outer\">\n<div class=\"cmsmasters_row_inner\">\n<div class=\"cmsmasters_row_margin\">\n<div id=\"cmsmasters_column_7mfgw47r6\" class=\"cmsmasters_column one_third\">\n<div class=\"cmsmasters_column_inner\"><div class=\"aligncenter\"><div class=\"cmsmasters_img  cmsmasters_image_c\"><img src=\"http:\/\/www.zamaninmeyhanesi.com\/wp-content\/uploads\/2018\/04\/line.jpg\" \/><\/div><\/div>\n<div id=\"cmsmasters_divider_cc4mb3i53h\" class=\"cl\"><\/div>\n<div id=\"cmsmasters_heading_lrq7dooob\" class=\"cmsmasters_heading_wrap cmsmasters_heading_align_center\">\n\t<h3 class=\"cmsmasters_heading\">Neredeyiz?<\/h3>\n<\/div><div class=\"cmsmasters_text\">\n<p style=\"text-align: center;\">Postane Mh. Manast\u0131r Yolu Cd.<br \/>\nNo:22 Tuzla\/\u0130STANBUL<\/p>\n<\/div>\n<\/div><\/div>\n<div id=\"cmsmasters_column_9u2pe5zhxh\" class=\"cmsmasters_column one_third\">\n<div class=\"cmsmasters_column_inner\"><div class=\"aligncenter\"><div class=\"cmsmasters_img  cmsmasters_image_c\"><img src=\"http:\/\/www.zamaninmeyhanesi.com\/wp-content\/uploads\/2018\/04\/line.jpg\" \/><\/div><\/div>\n<div id=\"cmsmasters_divider_yshv1c8ky6\" class=\"cl\"><\/div>\n<div id=\"cmsmasters_heading_txbwazx5g\" class=\"cmsmasters_heading_wrap cmsmasters_heading_align_center\">\n\t<h3 class=\"cmsmasters_heading\">Ne \u00c7alar\u0131z? <\/h3>\n<\/div><div class=\"cmsmasters_text\">\n<p style=\"text-align: center;\">Sal\u0131 G\u00fcn\u00fc Arabesk<\/p>\n<p style=\"text-align: center;\">\u00c7ar\u015famba G\u00fcn\u00fc Fas\u0131l<\/p>\n<p style=\"text-align: center;\">Cuma \u2013 Cumartesi DJ Alper Yal\u00e7\u0131n ile T\u00fcrk\u00e7e 80\u2019ler 90\u2019lar<\/p>\n<p style=\"text-align: center;\">Di\u011fer g\u00fcnler Akustik 80\u2019ler 90\u2019lar<\/p>\n<\/div>\n<\/div><\/div>\n<div id=\"cmsmasters_column_xzxruaz67q\" class=\"cmsmasters_column one_third\">\n<div class=\"cmsmasters_column_inner\"><div class=\"aligncenter\"><div class=\"cmsmasters_img  cmsmasters_image_c\"><img src=\"http:\/\/www.zamaninmeyhanesi.com\/wp-content\/uploads\/2018\/04\/line.jpg\" \/><\/div><\/div>\n<div id=\"cmsmasters_divider_ps005yaqng\" class=\"cl\"><\/div>\n<div id=\"cmsmasters_heading_1gl25t6mtf\" class=\"cmsmasters_heading_wrap cmsmasters_heading_align_center\">\n\t<h3 class=\"cmsmasters_heading\">\u0130leti\u015fim<\/h3>\n<\/div><div class=\"cmsmasters_text\">\n<p style=\"text-align: center;\">0216 446 36 22<br \/>\n0553 124 39 34<br \/>\nT\u00fcm sorular\u0131n\u0131z i\u00e7in sehla@zamaninmeyhanesi.com<\/p>\n<\/div>\n<\/div><\/div>\n<\/div>\n<\/div>\n<\/div>\n<\/div>\n<\/div>\n<div id=\"cmsmasters_row_fngx5db0xn\" class=\"cmsmasters_row cmsmasters_color_scheme_default cmsmasters_row_top_default cmsmasters_row_bot_default cmsmasters_row_fullwidth\">\n<div class=\"cmsmasters_row_outer_parent\">\n<div class=\"cmsmasters_row_outer\">\n<div class=\"cmsmasters_row_inner cmsmasters_row_fullwidth\">\n<div class=\"cmsmasters_row_margin\">\n<div id=\"cmsmasters_column_f00on7qnr\" class=\"cmsmasters_column one_half\">\n<div class=\"cmsmasters_column_inner\"><div id=\"cmsmasters_heading_mtdagb8xc\" class=\"cmsmasters_heading_wrap cmsmasters_heading_align_left\">\n\t<h2 class=\"cmsmasters_heading\">\u015eEHLA?<\/h2>\n<\/div><div class=\"cmsmasters_text\">\n<p>Eski \u00e7a\u011f\u0131n sazl\u0131, s\u00f6zl\u00fc e\u011flencesine yeni bir yorum getiren \u015eehla, 80&#8217;ler ve 90&#8217;lar\u0131n liste ba\u015f\u0131 T\u00fcrk Pop M\u00fczi\u011fi par\u00e7alar\u0131n\u0131 DJ Performans e\u015fli\u011finde misafirlerine sunuyor. Arabesk ve Fas\u0131l gibi konsept gecelerle misafirlerine farkl\u0131 deneyimler ya\u015fatan \u015eehla, oryantal, darbuka ve \u0131\u015f\u0131kl\u0131 davul \u015fovlar\u0131yla e\u011flencenin doruk noktas\u0131n\u0131 yakal\u0131yor.<\/p>\n<p>Men\u00fcs\u00fcnde bar\u0131nd\u0131rd\u0131\u011f\u0131 40&#8217;tan fazla \u00e7e\u015fit mezesiyle \u015fehrin en iyi mezecilerine meydan okuyan \u015eehla, T\u00fcrk, Ermeni ve Rum mutfa\u011f\u0131n\u0131n \u00f6rneklerine yer veriyor. Geni\u015f ana yemek men\u00fcs\u00fc ve hesab\u0131n\u0131 bilenler i\u00e7in olu\u015fturdu\u011fu fiks men\u00fcleri ile ziyaret\u00e7ilerine \u00f6zel se\u00e7enekler de sunuyor.<\/p>\n<p>300 ki\u015filik ana salonu, 300 ki\u015filik bah\u00e7esi ve 500 ki\u015filik Substage ad\u0131n\u0131 verdi\u011fi etkinlik alan\u0131yla geni\u015f bir kitleye hitap eden \u015eehla, konumu ve deniz manzaras\u0131 ile sizlere harika bir e\u011flence vaat ediyor.<\/p>\n<\/div>\n<div id=\"cmsmasters_fb_q9whl214me\" class=\"cmsmasters_featured_block\">\n<div class=\"featured_block_inner\">\n<div class=\"featured_block_text\">\n<div><\/div>\n\n<\/div>\n<\/div>\n<\/div>\n<div id=\"cmsmasters_button_3dn35mzjxo\" class=\"button_wrap\"><a href=\"http:\/\/www.zamaninmeyhanesi.com\/iletisim\" class=\"cmsmasters_button\"><span>\u0130LET\u0130\u015e\u0130M KUR<\/span><\/a><\/div>\n<\/div><\/div>\n<div id=\"cmsmasters_column_164f08pws\" class=\"cmsmasters_column one_half\">\n<div class=\"cmsmasters_column_inner\"><div class=\"cmsmasters_img  cmsmasters_image_n\"><img src=\"http:\/\/www.zamaninmeyhanesi.com\/wp-content\/uploads\/2019\/10\/dj-sehla-tuzla-1024x683.jpg\" \/><\/div>\n<\/div><\/div>\n<\/div>\n<\/div>\n<\/div>\n<\/div>\n<\/div>\n<div id=\"cmsmasters_row_4q6ayrxweh\" class=\"cmsmasters_row cmsmasters_color_scheme_default cmsmasters_row_top_default cmsmasters_row_bot_default cmsmasters_row_fullwidth\">\n<div class=\"cmsmasters_row_outer_parent\">\n<div class=\"cmsmasters_row_outer\">\n<div class=\"cmsmasters_row_inner cmsmasters_row_fullwidth cmsmasters_row_no_margin\">\n<div class=\"cmsmasters_row_margin\">\n<div id=\"cmsmasters_column_bcpolfqr08\" class=\"cmsmasters_column one_half\">\n<div class=\"cmsmasters_column_inner\"><div id=\"cmsmasters_heading_ed6mi91yja\" class=\"cmsmasters_heading_wrap cmsmasters_heading_align_right\">\n\t<h2 class=\"cmsmasters_heading\">MEN\u00dc<\/h2>\n<\/div><div id=\"cmsmasters_heading_lb1utpl39f\" class=\"cmsmasters_heading_wrap cmsmasters_heading_align_left\">\n\t<h6 class=\"cmsmasters_heading\">Heading<\/h6>\n<\/div><div class=\"cmsmasters_img  cmsmasters_image_n\"><img src=\"http:\/\/www.zamaninmeyhanesi.com\/wp-content\/uploads\/2019\/10\/meze-1-1024x683.jpg\" \/><\/div>\n<\/div><\/div>\n<div id=\"cmsmasters_column_smro2h446q\" class=\"cmsmasters_column one_half\">\n<div class=\"cmsmasters_column_inner\"><div id=\"cmsmasters_heading_j7uyr0rguk\" class=\"cmsmasters_heading_wrap cmsmasters_heading_align_left\">\n\t<h2 class=\"cmsmasters_heading\">MEN\u00dcM\u00dcZ<\/h2>\n<\/div><div id=\"cmsmasters_heading_do7638354u\" class=\"cmsmasters_heading_wrap cmsmasters_heading_align_left\">\n\t<h3 class=\"cmsmasters_heading\">40&#8217;tan fazla \u00e7e\u015fitte mezemiz; et, bal\u0131k ve tavuktan olu\u015fan ana yemek se\u00e7eneklerimiz; g\u00fcve\u00e7te ara s\u0131cak se\u00e7eneklerimiz; her zevke uygun fiks men\u00fclerimiz ile sizlere en geni\u015f meyhane men\u00fcs\u00fcn\u00fc sunmaktan gurur duyuyoruz.<\/h3>\n<\/div><div id=\"cmsmasters_fb_gkvt05evtn\" class=\"cmsmasters_featured_block\">\n<div class=\"featured_block_inner\">\n<div class=\"featured_block_text\">\n<div><\/div>\n\n<\/div>\n<\/div>\n<\/div>\n<div id=\"cmsmasters_button_1wmafhyecq\" class=\"button_wrap\"><a href=\"http:\/\/www.zamaninmeyhanesi.com\/menu\/\" class=\"cmsmasters_button\"><span>Men\u00fcy\u00fc \u0130ncele<\/span><\/a><\/div>\n<\/div><\/div>\n<\/div>\n<\/div>\n<\/div>\n<\/div>\n<\/div>\n<div id=\"cmsmasters_row_hst2gmit78\" class=\"cmsmasters_row cmsmasters_color_scheme_default cmsmasters_row_top_default cmsmasters_row_bot_default cmsmasters_row_boxed\">\n<div class=\"cmsmasters_row_outer_parent\">\n<div class=\"cmsmasters_row_outer\">\n<div class=\"cmsmasters_row_inner\">\n<div class=\"cmsmasters_row_margin\">\n<div id=\"cmsmasters_column_b00y5z3ct\" class=\"cmsmasters_column one_first\">\n<div class=\"cmsmasters_column_inner\">\n<div class=\"cmsmasters_mailpoet\">  \n\n  \n  <div id=\"mailpoet_form_1\" class=\"mailpoet_form mailpoet_form_shortcode\">\n    <style type=\"text\/css\">.mailpoet_hp_email_label{display:none;}#mailpoet_form_1 .mailpoet_form {  }\n#mailpoet_form_1 .mailpoet_paragraph { line-height: 20px; }\n#mailpoet_form_1 .mailpoet_segment_label, #mailpoet_form_1 .mailpoet_text_label, #mailpoet_form_1 .mailpoet_textarea_label, #mailpoet_form_1 .mailpoet_select_label, #mailpoet_form_1 .mailpoet_radio_label, #mailpoet_form_1 .mailpoet_checkbox_label, #mailpoet_form_1 .mailpoet_list_label, #mailpoet_form_1 .mailpoet_date_label { display: block; font-weight: bold; }\n#mailpoet_form_1 .mailpoet_text, #mailpoet_form_1 .mailpoet_textarea, #mailpoet_form_1 .mailpoet_select, #mailpoet_form_1 .mailpoet_date_month, #mailpoet_form_1 .mailpoet_date_day, #mailpoet_form_1 .mailpoet_date_year, #mailpoet_form_1 .mailpoet_date { display: block; }\n#mailpoet_form_1 .mailpoet_text, #mailpoet_form_1 .mailpoet_textarea { width: 200px; }\n#mailpoet_form_1 .mailpoet_checkbox {  }\n#mailpoet_form_1 .mailpoet_submit input {  }\n#mailpoet_form_1 .mailpoet_divider {  }\n#mailpoet_form_1 .mailpoet_message {  }\n#mailpoet_form_1 .mailpoet_validate_success { font-weight: 600; color: #468847; }\n#mailpoet_form_1 .mailpoet_validate_error { color: #b94a48; }\n#mailpoet_form_1 .mailpoet_form_loading { width: 30px; text-align: center; line-height: normal; }\n#mailpoet_form_1 .mailpoet_form_loading > span { width: 5px; height: 5px; background-color: #5b5b5b; }<\/style>\n    <form\n      target=\"_self\"\n      method=\"post\"\n      action=\"http:\/\/www.zamaninmeyhanesi.com\/wp-admin\/admin-post.php?action=mailpoet_subscription_form\"\n      class=\"mailpoet_form mailpoet_form_shortcode\"\n      novalidate\n    >\n      <input type=\"hidden\" name=\"data[form_id]\" value=\"1\" \/>\n      <input type=\"hidden\" name=\"token\" value=\"e2ed4bb2c8\" \/>\n      <input type=\"hidden\" name=\"api_version\" value=\"v1\" \/>\n      <input type=\"hidden\" name=\"endpoint\" value=\"subscribers\" \/>\n      <input type=\"hidden\" name=\"mailpoet_method\" value=\"subscribe\" \/>\n\n      <label class=\"mailpoet_hp_email_label\">L\u00fctfen bu alan\u0131 bo\u015f b\u0131rak\u0131n<input type=\"email\" name=\"data[email]\"><\/label><p class=\"mailpoet_paragraph\"><label class=\"mailpoet_text_label\">\u0130sim Soyisim<\/label><input type=\"text\" class=\"mailpoet_text\" name=\"data[form_field_ZjJlODhlOTM1OWVlX2ZpcnN0X25hbWU=]\" title=\"\u0130sim Soyisim\" value=\"\"  \/><\/p>\n<p class=\"mailpoet_paragraph\"><label class=\"mailpoet_text_label\">E-posta <span class=\"mailpoet_required\">*<\/span><\/label><input type=\"email\" class=\"mailpoet_text\" name=\"data[form_field_ZGZhN2EzNThjZWZmX2VtYWls]\" title=\"E-posta\" value=\"\" data-automation-id=\"form_email\" data-parsley-required=\"true\" data-parsley-minlength=\"6\" data-parsley-maxlength=\"150\" data-parsley-error-message=\"L\u00fctfen ge\u00e7erli bir e-posta adresi belirtin.\" data-parsley-required-message=\"Bu alan gereklidir.\"\/><\/p>\n<p class=\"mailpoet_paragraph\">Verilerinizi gizli tutar\u0131z. Bu sayede sadece \u015eehla ile ilgili haberler size mail olarak gelir.<\/p>\n<p class=\"mailpoet_paragraph\"><input type=\"submit\" class=\"mailpoet_submit\" value=\"Abone ol!\" data-automation-id=\"subscribe-submit-button\" \/><span class=\"mailpoet_form_loading\"><span class=\"mailpoet_bounce1\"><\/span><span class=\"mailpoet_bounce2\"><\/span><span class=\"mailpoet_bounce3\"><\/span><\/span><\/p>\n\n      <div class=\"mailpoet_message\">\n        <p class=\"mailpoet_validate_success\"\n                    style=\"display:none;\"\n                  >Aboneli\u011finizi onaylamak i\u00e7in gelen veya istenmeyen posta kutunuzu kontrol edin.\n        <\/p>\n        <p class=\"mailpoet_validate_error\"\n                    style=\"display:none;\"\n                  >        <\/p>\n      <\/div>\n    <\/form>\n  <\/div>\n  \n<\/div>\n<div id=\"cmsmasters_heading_5289aor1ac\" class=\"cmsmasters_heading_wrap cmsmasters_heading_align_center\">\n\t<h5 class=\"cmsmasters_heading\">Only news and special offers<\/h5>\n<\/div>\n<\/div><\/div>\n<\/div>\n<\/div>\n<\/div>\n<\/div>\n<\/div>\n\n","protected":false},"excerpt":{"rendered":"","protected":false},"author":1,"featured_media":0,"parent":0,"menu_order":0,"comment_status":"closed","ping_status":"closed","template":"","meta":[],"_links":{"self":[{"href":"http:\/\/www.zamaninmeyhanesi.com\/index.php\/wp-json\/wp\/v2\/pages\/529"}],"collection":[{"href":"http:\/\/www.zamaninmeyhanesi.com\/index.php\/wp-json\/wp\/v2\/pages"}],"about":[{"href":"http:\/\/www.zamaninmeyhanesi.com\/index.php\/wp-json\/wp\/v2\/types\/page"}],"author":[{"embeddable":true,"href":"http:\/\/www.zamaninmeyhanesi.com\/index.php\/wp-json\/wp\/v2\/users\/1"}],"replies":[{"embeddable":true,"href":"http:\/\/www.zamaninmeyhanesi.com\/index.php\/wp-json\/wp\/v2\/comments?post=529"}],"version-history":[{"count":4,"href":"http:\/\/www.zamaninmeyhanesi.com\/index.php\/wp-json\/wp\/v2\/pages\/529\/revisions"}],"predecessor-version":[{"id":14229,"href":"http:\/\/www.zamaninmeyhanesi.com\/index.php\/wp-json\/wp\/v2\/pages\/529\/revisions\/14229"}],"wp:attachment":[{"href":"http:\/\/www.zamaninmeyhanesi.com\/index.php\/wp-json\/wp\/v2\/media?parent=529"}],"curies":[{"name":"wp","href":"https:\/\/api.w.org\/{rel}","templated":true}]}}