{"id":14219,"date":"2019-10-16T16:10:47","date_gmt":"2019-10-16T13:10:47","guid":{"rendered":"http:\/\/www.zamaninmeyhanesi.com\/?page_id=14219"},"modified":"2019-10-16T16:10:47","modified_gmt":"2019-10-16T13:10:47","slug":"rezervasyon","status":"publish","type":"page","link":"http:\/\/www.zamaninmeyhanesi.com\/index.php\/rezervasyon\/","title":{"rendered":"Rezervasyon"},"content":{"rendered":"<div id=\"cmsmasters_row_ty1y10c8cg\" class=\"cmsmasters_row cmsmasters_color_scheme_default cmsmasters_row_top_default cmsmasters_row_bot_default cmsmasters_row_boxed\">\n<div class=\"cmsmasters_row_outer_parent\">\n<div class=\"cmsmasters_row_outer\">\n<div class=\"cmsmasters_row_inner\">\n<div class=\"cmsmasters_row_margin\">\n<div id=\"cmsmasters_column_l6qgkrjh9\" class=\"cmsmasters_column one_first\">\n<div class=\"cmsmasters_column_inner\"><div id=\"cmsmasters_heading_5huqm5caek\" class=\"cmsmasters_heading_wrap cmsmasters_heading_align_left\">\n\t<h2 class=\"cmsmasters_heading\">REZERVASYON<\/h2>\n<\/div>\n<\/div><\/div>\n<\/div>\n<\/div>\n<\/div>\n<\/div>\n<\/div>\n<div id=\"cmsmasters_row_1epbtwp83a\" class=\"cmsmasters_row cmsmasters_color_scheme_default cmsmasters_row_top_default cmsmasters_row_bot_default cmsmasters_row_boxed\">\n<div class=\"cmsmasters_row_outer_parent\">\n<div class=\"cmsmasters_row_outer\">\n<div class=\"cmsmasters_row_inner\">\n<div class=\"cmsmasters_row_margin\">\n<div id=\"cmsmasters_column_2408mwf37\" class=\"cmsmasters_column one_first\">\n<div class=\"cmsmasters_column_inner\"><div class=\"cmsmasters_contact_form\"><div role=\"form\" class=\"wpcf7\" id=\"wpcf7-f14133-o1\" lang=\"en-US\" dir=\"ltr\">\n<div class=\"screen-reader-response\"><\/div>\n<form action=\"\/index.php\/wp-json\/wp\/v2\/pages\/14219#wpcf7-f14133-o1\" method=\"post\" class=\"wpcf7-form\" novalidate=\"novalidate\">\n<div style=\"display: none;\">\n<input type=\"hidden\" name=\"_wpcf7\" value=\"14133\" \/>\n<input type=\"hidden\" name=\"_wpcf7_version\" value=\"5.1.4\" \/>\n<input type=\"hidden\" name=\"_wpcf7_locale\" value=\"en_US\" \/>\n<input type=\"hidden\" name=\"_wpcf7_unit_tag\" value=\"wpcf7-f14133-o1\" \/>\n<input type=\"hidden\" name=\"_wpcf7_container_post\" value=\"0\" \/>\n<\/div>\n<p><label> Ad\u0131n\u0131z Soyad\u0131n\u0131z (Gerekli)<br \/>\n    <span class=\"wpcf7-form-control-wrap your-name\"><input type=\"text\" name=\"your-name\" value=\"\" size=\"40\" class=\"wpcf7-form-control wpcf7-text wpcf7-validates-as-required\" aria-required=\"true\" aria-invalid=\"false\" \/><\/span> <\/label><\/p>\n<p><label> E-posta adresiniz (Gerekli)<br \/>\n    <span class=\"wpcf7-form-control-wrap your-email\"><input type=\"email\" name=\"your-email\" value=\"\" size=\"40\" class=\"wpcf7-form-control wpcf7-text wpcf7-email wpcf7-validates-as-required wpcf7-validates-as-email\" aria-required=\"true\" aria-invalid=\"false\" \/><\/span> <\/label><\/p>\n<p><label> Telefon Numaran\u0131z (Gerekli)<br \/>\n<span class=\"wpcf7-form-control-wrap tel-887\"><input type=\"tel\" name=\"tel-887\" value=\"\" size=\"40\" class=\"wpcf7-form-control wpcf7-text wpcf7-tel wpcf7-validates-as-required wpcf7-validates-as-tel\" aria-required=\"true\" aria-invalid=\"false\" placeholder=\"(---)--- -- --\" \/><\/span><\/label><\/p>\n<p><label> Ki\u015fi Say\u0131s\u0131 (Gerekli)<br \/>\n<span class=\"wpcf7-form-control-wrap kisi\"><input type=\"number\" name=\"kisi\" value=\"\" class=\"wpcf7-form-control wpcf7-number wpcf7-validates-as-number\" min=\"2\" aria-invalid=\"false\" \/><\/span><\/label><\/p>\n<p><label> \u0130letmek istedikleriniz<br \/>\n    <span class=\"wpcf7-form-control-wrap your-message\"><textarea name=\"your-message\" cols=\"40\" rows=\"10\" class=\"wpcf7-form-control wpcf7-textarea\" aria-invalid=\"false\"><\/textarea><\/span> <\/label><\/p>\n<p><span class=\"wpcf7-form-control-wrap acceptance-728\"><span class=\"wpcf7-form-control wpcf7-acceptance optional\"><span class=\"wpcf7-list-item\"><label><input type=\"checkbox\" name=\"acceptance-728\" value=\"1\" aria-invalid=\"false\" \/><span class=\"wpcf7-list-item-label\">Rezervasyonumdaki kad\u0131n erkek dengesine dikkat edece\u011fim.<\/span><\/label><\/span><\/span><\/span><\/p>\n<p><span class=\"wpcf7-form-control-wrap acceptance-728\"><span class=\"wpcf7-form-control wpcf7-acceptance optional\"><span class=\"wpcf7-list-item\"><label><input type=\"checkbox\" name=\"acceptance-728\" value=\"1\" aria-invalid=\"false\" \/><span class=\"wpcf7-list-item-label\">18 ya\u015f\u0131ndan b\u00fcy\u00fc\u011f\u00fcm. Misafirlerim de 18 ya\u015f\u0131ndan b\u00fcy\u00fck.<\/span><\/label><\/span><\/span><\/span><\/p>\n<p><input type=\"submit\" value=\"Send\" class=\"wpcf7-form-control wpcf7-submit\" \/><\/p>\n<div class=\"wpcf7-response-output wpcf7-display-none\"><\/div><\/form><\/div><\/div>\n<\/div><\/div>\n<\/div>\n<\/div>\n<\/div>\n<\/div>\n<\/div>\n\n","protected":false},"excerpt":{"rendered":"","protected":false},"author":1,"featured_media":0,"parent":0,"menu_order":0,"comment_status":"closed","ping_status":"closed","template":"","meta":[],"_links":{"self":[{"href":"http:\/\/www.zamaninmeyhanesi.com\/index.php\/wp-json\/wp\/v2\/pages\/14219"}],"collection":[{"href":"http:\/\/www.zamaninmeyhanesi.com\/index.php\/wp-json\/wp\/v2\/pages"}],"about":[{"href":"http:\/\/www.zamaninmeyhanesi.com\/index.php\/wp-json\/wp\/v2\/types\/page"}],"author":[{"embeddable":true,"href":"http:\/\/www.zamaninmeyhanesi.com\/index.php\/wp-json\/wp\/v2\/users\/1"}],"replies":[{"embeddable":true,"href":"http:\/\/www.zamaninmeyhanesi.com\/index.php\/wp-json\/wp\/v2\/comments?post=14219"}],"version-history":[{"count":2,"href":"http:\/\/www.zamaninmeyhanesi.com\/index.php\/wp-json\/wp\/v2\/pages\/14219\/revisions"}],"predecessor-version":[{"id":14221,"href":"http:\/\/www.zamaninmeyhanesi.com\/index.php\/wp-json\/wp\/v2\/pages\/14219\/revisions\/14221"}],"wp:attachment":[{"href":"http:\/\/www.zamaninmeyhanesi.com\/index.php\/wp-json\/wp\/v2\/media?parent=14219"}],"curies":[{"name":"wp","href":"https:\/\/api.w.org\/{rel}","templated":true}]}}