{"id":11850,"date":"2016-06-24T12:08:02","date_gmt":"2016-06-24T12:08:02","guid":{"rendered":"http:\/\/template.cmsmasters.net\/?page_id=11850"},"modified":"2019-10-15T17:18:24","modified_gmt":"2019-10-15T14:18:24","slug":"contacts","status":"publish","type":"page","link":"http:\/\/www.zamaninmeyhanesi.com\/index.php\/contacts\/","title":{"rendered":"\u0130leti\u015fim"},"content":{"rendered":"<div id=\"cmsmasters_row_e6t164fn3n\" class=\"cmsmasters_row cmsmasters_color_scheme_default cmsmasters_row_top_default cmsmasters_row_bot_default cmsmasters_row_fullwidth\">\n<div class=\"cmsmasters_row_outer_parent\">\n<div class=\"cmsmasters_row_outer\">\n<div class=\"cmsmasters_row_inner cmsmasters_row_fullwidth\">\n<div class=\"cmsmasters_row_margin\">\n<div id=\"cmsmasters_column_g8nbhfyjv\" class=\"cmsmasters_column one_half\">\n<div class=\"cmsmasters_column_inner\"><div id=\"cmsmasters_heading_kfcz4g686\" class=\"cmsmasters_heading_wrap cmsmasters_heading_align_left\">\n\t<h3 class=\"cmsmasters_heading\">Get in Touch<\/h3>\n<\/div>\n<div class=\"cmsmasters_contact_form\"><div class=\"cmsmasters-form-builder\">\n<div class=\"cmsmasters_notice cmsmasters_notice_success cmsmasters_theme_icon_check success_box\" style=\"display:none;\">\n<div class=\"notice_icon\"><\/div>\n<div class=\"notice_content\">\n<p>Thank You! <br \/>Your message has been sent successfully.<\/p>\n<\/div>\n<\/div>\n<script type=\"text\/javascript\"> \nvar captchaWidgetRender = []; \nvar validateCaptcha = function(){\r\n\t\t\t\t\t\t\tcaptchaWidgetRender.forEach(function(item_fn){\r\n\t\t\t\t\t\t\t\tif(typeof item_fn === \"function\"){\r\n\t\t\t\t\t\t\t\t\titem_fn();\r\n\t\t\t\t\t\t\t\t}\r\n\t\t\t\t\t\t\t});\r\n\t\t\t\t\t\t};\njQuery(document).ready(function () { \n\tjQuery('#form_704').validationEngine('attach', { \n\t\tpromptPosition : 'topRight', \n\t\tscroll : false, \n\t\tautoPositionUpdate : true, \n\t\tshowArrow : false \n\t\t} ); \n\tjQuery('#form_704 a#cmsmasters_704_formsend').click(function () { \n\t\tjQuery('#form_704 .loading').animate( { opacity : 1 } , 250); \n\t\tif (jQuery('#form_704').validationEngine('validate')) { \n\t\t\tjQuery.post('http:\/\/www.zamaninmeyhanesi.com\/wp-content\/plugins\/cmsmasters-contact-form-builder\/inc\/form-builder-sendmail.php', { \n\t\t\t\tcmsmasters_your_name_2 : jQuery('#cmsmasters_your_name_2').val(), \n\t\t\t\tcmsmasters_your_email_2 : jQuery('#cmsmasters_your_email_2').val(), \n\t\t\t\tcmsmasters_message : jQuery('#cmsmasters_message').val(), \n\t\t\t\tcontactemail : 'NzA0fGV4YW1wbGVAZXhhbXBsZS5jb218NzA0', \n\t\t\t\tformname : '704', \r\t\t\tfromname : 'wordpress' \r\t\t\t}, function (data) { \n\t\t\t\tjQuery('#form_704 .loading').animate( { opacity : 0 } , 250); \n\t\t\t\tjQuery('#form_704').fadeOut('slow'); \n\t\t\t\tdocument.getElementById('form_704').reset(); \n\t\t\t\tjQuery('#form_704').parent().find('.box').hide(); \n\t\t\t\tjQuery('#form_704').parent().find('.success_box').fadeIn('fast'); \n\t\t\t\tjQuery('html, body').animate( { scrollTop : jQuery('#form_704').offset().top - 140 } , 'slow'); \n\t\t\t\tjQuery('#form_704').parent().find('.success_box').delay(5000).fadeOut(1000, function () { \n\t\t\t\t\tjQuery('#form_704').fadeIn('slow'); \r\t\t\t\t} ); \r\t\t\t} ); \n\t\t\treturn false; \r\t\t} else { \n\t\t\tjQuery('#form_704 .loading').animate( { opacity : 0 } , 250); \n\t\t\treturn false; \r\t\t} \r\t} ); \r} ); \n<\/script>\n<form action=\"#\" method=\"post\" id=\"form_704\">\n\n<div class=\"form_info cmsmasters_input one_half\">\n\t<label for=\"cmsmasters_your_name_2\">Your Name <span class=\"color_2\">*<\/span><\/label>\n\t<div class=\"form_field_wrap\">\n\t\t<input type=\"text\" name=\"cmsmasters_your_name_2\" id=\"cmsmasters_your_name_2\" value=\"\" size=\"35\" class=\"validate[required]\" \/>\r\t<\/div>\n<\/div>\n<div class=\"form_info cmsmasters_input one_half\">\n\t<label for=\"cmsmasters_your_email_2\">Your Email <span class=\"color_2\">*<\/span><\/label>\n\t<div class=\"form_field_wrap\">\n\t\t<input type=\"text\" name=\"cmsmasters_your_email_2\" id=\"cmsmasters_your_email_2\" value=\"\" size=\"35\" class=\"validate[required,custom[email]]\" \/>\r\t<\/div>\n<\/div>\n<div class=\"form_info cmsmasters_textarea one_first\">\n\t<label for=\"cmsmasters_message\">Message<\/label>\n\t<div class=\"form_field_wrap\">\n\t\t<textarea name=\"cmsmasters_message\" id=\"cmsmasters_message\" cols=\"60\"><\/textarea>\r\t<\/div>\n<\/div>\n<div class=\"cl\"><\/div>\n<div class=\"loading\"><\/div>\n<div class=\"form_info submit_wrap\">\n<a id=\"cmsmasters_704_formsend\" class=\"cmsmasters_button\" href=\"#\"><span>Send Message<\/span><\/a>\n<\/div>\n<div class=\"cl\"><\/div>\n<\/form>\n<\/div><\/div>\n<\/div><\/div>\n<div id=\"cmsmasters_column_xwm6ruk8cg\" class=\"cmsmasters_column one_half\">\n<div class=\"cmsmasters_column_inner\"><div id=\"google_map_77895b45a3\" class=\"cmsmasters_google_map google_map\" data-address=\"7850 Melrose Ave Los Angeles, CA 90046\" data-maptype=\"ROADMAP\" data-zoom=\"15\" data-scrollwheel=\"false\" data-doubleclickzoom=\"true\" data-pan-control=\"true\" data-zoom-control=\"true\" data-map-type-control=\"true\" data-scale-control=\"true\" data-street-view-control=\"true\" data-overview-map-control=\"true\" data-markers=\"address: 7850 Melrose Ave Los Angeles, CA 90046\/\/\/|||\"><\/div>\n<\/div><\/div>\n<\/div>\n<\/div>\n<\/div>\n<\/div>\n<\/div>\n<div id=\"cmsmasters_row_j2drlgid2r\" class=\"cmsmasters_row cmsmasters_color_scheme_default cmsmasters_row_top_default cmsmasters_row_bot_default cmsmasters_row_boxed\">\n<div class=\"cmsmasters_row_outer_parent\">\n<div class=\"cmsmasters_row_outer\">\n<div class=\"cmsmasters_row_inner\">\n<div class=\"cmsmasters_row_margin\">\n<div id=\"cmsmasters_column_7mfgw47r6\" class=\"cmsmasters_column one_third\">\n<div class=\"cmsmasters_column_inner\"><div class=\"aligncenter\"><div class=\"cmsmasters_img  cmsmasters_image_c\"><img src=\"http:\/\/www.zamaninmeyhanesi.com\/wp-content\/uploads\/2018\/04\/line.jpg\" \/><\/div><\/div>\n<div id=\"cmsmasters_divider_r3o6gusk3f\" class=\"cl\"><\/div>\n<div id=\"cmsmasters_heading_1pb63ombtt\" class=\"cmsmasters_heading_wrap cmsmasters_heading_align_center\">\n\t<h3 class=\"cmsmasters_heading\">Location<\/h3>\n<\/div><div class=\"cmsmasters_text\">\n<p style=\"text-align: center;\">7850 Melrose Ave<br \/>\nLos Angeles, CA 90046<\/p>\n<\/div>\n<\/div><\/div>\n<div id=\"cmsmasters_column_9u2pe5zhxh\" class=\"cmsmasters_column one_third\">\n<div class=\"cmsmasters_column_inner\"><div class=\"aligncenter\"><div class=\"cmsmasters_img  cmsmasters_image_c\"><img src=\"http:\/\/www.zamaninmeyhanesi.com\/wp-content\/uploads\/2018\/04\/line.jpg\" \/><\/div><\/div>\n<div id=\"cmsmasters_divider_c8dd6ocfgk\" class=\"cl\"><\/div>\n<div id=\"cmsmasters_heading_449jb431kb\" class=\"cmsmasters_heading_wrap cmsmasters_heading_align_center\">\n\t<h3 class=\"cmsmasters_heading\">Hours <\/h3>\n<\/div><div class=\"cmsmasters_text\">\n<p style=\"text-align: center;\">Tuesday &#8211; Sunday: 5PM &#8211; Close<br \/>\nMonday: Closed<\/p>\n<\/div>\n<\/div><\/div>\n<div id=\"cmsmasters_column_xzxruaz67q\" class=\"cmsmasters_column one_third\">\n<div class=\"cmsmasters_column_inner\"><div class=\"aligncenter\"><div class=\"cmsmasters_img  cmsmasters_image_c\"><img src=\"http:\/\/www.zamaninmeyhanesi.com\/wp-content\/uploads\/2018\/04\/line.jpg\" \/><\/div><\/div>\n<div id=\"cmsmasters_divider_3z9p207oc\" class=\"cl\"><\/div>\n<div id=\"cmsmasters_heading_cq5zviixrs\" class=\"cmsmasters_heading_wrap cmsmasters_heading_align_center\">\n\t<h3 class=\"cmsmasters_heading\">Contact<\/h3>\n<\/div><div class=\"cmsmasters_text\">\n<p style=\"text-align: center;\">508-123-1234<br \/>\nFor press inquiries, please contact us at <a href=\"mailto:#\">press@example.com<\/a><\/p>\n<\/div>\n<\/div><\/div>\n<\/div>\n<\/div>\n<\/div>\n<\/div>\n<\/div>\n<div id=\"cmsmasters_row_uq9niayq9\" class=\"cmsmasters_row cmsmasters_color_scheme_default cmsmasters_row_top_default cmsmasters_row_bot_default cmsmasters_row_boxed\">\n<div class=\"cmsmasters_row_outer_parent\">\n<div class=\"cmsmasters_row_outer\">\n<div class=\"cmsmasters_row_inner\">\n<div class=\"cmsmasters_row_margin\">\n<div id=\"cmsmasters_column_8wx6oytuc\" class=\"cmsmasters_column one_first\">\n<div class=\"cmsmasters_column_inner\"><div id=\"cmsmasters_heading_bx1f94rx86\" class=\"cmsmasters_heading_wrap cmsmasters_heading_align_center\">\n\t<h2 class=\"cmsmasters_heading\">SUBSCRIBE<\/h2>\n<\/div>\n<\/div><\/div>\n<\/div>\n<\/div>\n<\/div>\n<\/div>\n<\/div>\n<div id=\"cmsmasters_row_00t8gettar\" class=\"cmsmasters_row cmsmasters_color_scheme_default cmsmasters_row_top_default cmsmasters_row_bot_default cmsmasters_row_boxed\">\n<div class=\"cmsmasters_row_outer_parent\">\n<div class=\"cmsmasters_row_outer\">\n<div class=\"cmsmasters_row_inner\">\n<div class=\"cmsmasters_row_margin\">\n<div id=\"cmsmasters_column_b00y5z3ct\" class=\"cmsmasters_column one_first\">\n<div class=\"cmsmasters_column_inner\"><div class=\"cmsmasters_mailpoet\">  \n\n  \n  <div id=\"mailpoet_form_2\" class=\"mailpoet_form mailpoet_form_shortcode\">\n    <style type=\"text\/css\">.mailpoet_hp_email_label{display:none;}#mailpoet_form_2 .mailpoet_form {  }\n#mailpoet_form_2 .mailpoet_paragraph { line-height: 20px; }\n#mailpoet_form_2 .mailpoet_segment_label, #mailpoet_form_2 .mailpoet_text_label, #mailpoet_form_2 .mailpoet_textarea_label, #mailpoet_form_2 .mailpoet_select_label, #mailpoet_form_2 .mailpoet_radio_label, #mailpoet_form_2 .mailpoet_checkbox_label, #mailpoet_form_2 .mailpoet_list_label, #mailpoet_form_2 .mailpoet_date_label { display: block; font-weight: bold; }\n#mailpoet_form_2 .mailpoet_text, #mailpoet_form_2 .mailpoet_textarea, #mailpoet_form_2 .mailpoet_select, #mailpoet_form_2 .mailpoet_date_month, #mailpoet_form_2 .mailpoet_date_day, #mailpoet_form_2 .mailpoet_date_year, #mailpoet_form_2 .mailpoet_date { display: block; }\n#mailpoet_form_2 .mailpoet_text, #mailpoet_form_2 .mailpoet_textarea { width: 200px; }\n#mailpoet_form_2 .mailpoet_checkbox {  }\n#mailpoet_form_2 .mailpoet_submit input {  }\n#mailpoet_form_2 .mailpoet_divider {  }\n#mailpoet_form_2 .mailpoet_message {  }\n#mailpoet_form_2 .mailpoet_validate_success { font-weight: 600; color: #468847; }\n#mailpoet_form_2 .mailpoet_validate_error { color: #b94a48; }\n#mailpoet_form_2 .mailpoet_form_loading { width: 30px; text-align: center; line-height: normal; }\n#mailpoet_form_2 .mailpoet_form_loading > span { width: 5px; height: 5px; background-color: #5b5b5b; }<\/style>\n    <form\n      target=\"_self\"\n      method=\"post\"\n      action=\"http:\/\/www.zamaninmeyhanesi.com\/wp-admin\/admin-post.php?action=mailpoet_subscription_form\"\n      class=\"mailpoet_form mailpoet_form_shortcode\"\n      novalidate\n    >\n      <input type=\"hidden\" name=\"data[form_id]\" value=\"2\" \/>\n      <input type=\"hidden\" name=\"token\" value=\"e2ed4bb2c8\" \/>\n      <input type=\"hidden\" name=\"api_version\" value=\"v1\" \/>\n      <input type=\"hidden\" name=\"endpoint\" value=\"subscribers\" \/>\n      <input type=\"hidden\" name=\"mailpoet_method\" value=\"subscribe\" \/>\n\n      <label class=\"mailpoet_hp_email_label\">L\u00fctfen bu alan\u0131 bo\u015f b\u0131rak\u0131n<input type=\"email\" name=\"data[email]\"><\/label><p class=\"mailpoet_paragraph\"><label class=\"mailpoet_text_label\">\u0130sim<\/label><input type=\"text\" class=\"mailpoet_text\" name=\"data[form_field_ZjJlODhlOTM1OWVlX2ZpcnN0X25hbWU=]\" title=\"\u0130sim\" value=\"\"  \/><\/p>\n<p class=\"mailpoet_paragraph\"><label class=\"mailpoet_text_label\">E-posta <span class=\"mailpoet_required\">*<\/span><\/label><input type=\"email\" class=\"mailpoet_text\" name=\"data[form_field_ZGZhN2EzNThjZWZmX2VtYWls]\" title=\"E-posta\" value=\"\" data-automation-id=\"form_email\" data-parsley-required=\"true\" data-parsley-minlength=\"6\" data-parsley-maxlength=\"150\" data-parsley-error-message=\"L\u00fctfen ge\u00e7erli bir e-posta adresi belirtin.\" data-parsley-required-message=\"Bu alan gereklidir.\"\/><\/p>\n<p class=\"mailpoet_paragraph\">Verilerinizi gizli tutar ve sadece bu servisi m\u00fcmk\u00fcn k\u0131lan \u00fc\u00e7\u00fcnc\u00fc partiler ile payla\u015f\u0131r\u0131z. Daha fazla bilgi i\u00e7in Gizlilik Politikam\u0131z\u0131 inceleyin.<\/p>\n<p class=\"mailpoet_paragraph\"><input type=\"submit\" class=\"mailpoet_submit\" value=\"Abone ol!\" data-automation-id=\"subscribe-submit-button\" \/><span class=\"mailpoet_form_loading\"><span class=\"mailpoet_bounce1\"><\/span><span class=\"mailpoet_bounce2\"><\/span><span class=\"mailpoet_bounce3\"><\/span><\/span><\/p>\n\n      <div class=\"mailpoet_message\">\n        <p class=\"mailpoet_validate_success\"\n                    style=\"display:none;\"\n                  >Aboneli\u011finizi onaylamak i\u00e7in gelen veya istenmeyen posta kutunuzu kontrol edin.\n        <\/p>\n        <p class=\"mailpoet_validate_error\"\n                    style=\"display:none;\"\n                  >        <\/p>\n      <\/div>\n    <\/form>\n  <\/div>\n  \n<\/div><div id=\"cmsmasters_heading_lvn7u5h6b4\" class=\"cmsmasters_heading_wrap cmsmasters_heading_align_center\">\n\t<h5 class=\"cmsmasters_heading\">Only news and special offers<\/h5>\n<\/div>\n<\/div><\/div>\n<\/div>\n<\/div>\n<\/div>\n<\/div>\n<\/div>\n\n","protected":false},"excerpt":{"rendered":"","protected":false},"author":1,"featured_media":0,"parent":0,"menu_order":0,"comment_status":"closed","ping_status":"closed","template":"","meta":[],"_links":{"self":[{"href":"http:\/\/www.zamaninmeyhanesi.com\/index.php\/wp-json\/wp\/v2\/pages\/11850"}],"collection":[{"href":"http:\/\/www.zamaninmeyhanesi.com\/index.php\/wp-json\/wp\/v2\/pages"}],"about":[{"href":"http:\/\/www.zamaninmeyhanesi.com\/index.php\/wp-json\/wp\/v2\/types\/page"}],"author":[{"embeddable":true,"href":"http:\/\/www.zamaninmeyhanesi.com\/index.php\/wp-json\/wp\/v2\/users\/1"}],"replies":[{"embeddable":true,"href":"http:\/\/www.zamaninmeyhanesi.com\/index.php\/wp-json\/wp\/v2\/comments?post=11850"}],"version-history":[{"count":1,"href":"http:\/\/www.zamaninmeyhanesi.com\/index.php\/wp-json\/wp\/v2\/pages\/11850\/revisions"}],"predecessor-version":[{"id":14158,"href":"http:\/\/www.zamaninmeyhanesi.com\/index.php\/wp-json\/wp\/v2\/pages\/11850\/revisions\/14158"}],"wp:attachment":[{"href":"http:\/\/www.zamaninmeyhanesi.com\/index.php\/wp-json\/wp\/v2\/media?parent=11850"}],"curies":[{"name":"wp","href":"https:\/\/api.w.org\/{rel}","templated":true}]}}